{"id":12,"date":"2020-05-09T02:49:01","date_gmt":"2020-05-09T02:49:01","guid":{"rendered":"https:\/\/solylunavitaplay.cl\/?page_id=12"},"modified":"2025-12-31T02:55:11","modified_gmt":"2025-12-31T02:55:11","slug":"inicio","status":"publish","type":"page","link":"https:\/\/solylunavitaplay.cl\/","title":{"rendered":"Sol y Luna"},"content":{"rendered":"[et_pb_section fb_built=\u00bb1&#8243; fullwidth=\u00bbon\u00bb disabled_on=\u00bboff|off|off\u00bb _builder_version=\u00bb4.16&#8243; min_height=\u00bb260px\u00bb height=\u00bb260px\u00bb max_height=\u00bb260px\u00bb global_colors_info=\u00bb{}\u00bb][et_pb_fullwidth_header subhead=\u00bbBienvenidos a Sol y Luna\u00bb text_orientation=\u00bbcenter\u00bb button_one_url=\u00bbhttps:\/\/solylunavitaplay.cl\/nosotros\/\u00bb admin_label=\u00bbT\u00edtulo de anchura completa\u00bb _builder_version=\u00bb4.16&#8243; title_level=\u00bbh2&#8243; title_font=\u00bbRubik|700||on|||||\u00bb title_text_color=\u00bb#ffffff\u00bb title_font_size=\u00bb16px\u00bb title_letter_spacing=\u00bb5px\u00bb title_line_height=\u00bb2em\u00bb content_font=\u00bbRubik||||||||\u00bb content_text_color=\u00bb#ffffff\u00bb content_font_size=\u00bb18px\u00bb content_line_height=\u00bb2em\u00bb subhead_font=\u00bbRubik|700|||||||\u00bb subhead_text_color=\u00bb#ffffff\u00bb subhead_font_size=\u00bb60px\u00bb subhead_line_height=\u00bb1.4em\u00bb background_color=\u00bb#e7e5e8&#8243; background_image=\u00bbhttps:\/\/solylunavitaplay.cl\/wp-content\/uploads\/2020\/06\/Header2.jpg\u00bb background_size=\u00bbinitial\u00bb custom_button_one=\u00bbon\u00bb button_one_text_color=\u00bb#ffffff\u00bb button_one_bg_color=\u00bb#8300e9&#8243; button_one_border_color=\u00bb#ffffff\u00bb custom_button_two=\u00bbon\u00bb button_two_text_size=\u00bb16px\u00bb button_two_text_color=\u00bb#ffffff\u00bb button_two_bg_color=\u00bbrgba(0,0,0,0.6)\u00bb button_two_border_width=\u00bb15px\u00bb button_two_border_color=\u00bbrgba(210,159,104,0)\u00bb button_two_border_radius=\u00bb100px\u00bb button_two_letter_spacing=\u00bb0px\u00bb button_two_font=\u00bbRubik|700|||||||\u00bb button_two_use_icon=\u00bboff\u00bb background_layout=\u00bblight\u00bb min_height=\u00bb260px\u00bb height=\u00bb260px\u00bb max_height=\u00bb260px\u00bb custom_margin=\u00bb|||\u00bb custom_padding=\u00bb1vw||1vw||false|false\u00bb animation_style=\u00bbslide\u00bb animation_direction=\u00bbbottom\u00bb animation_intensity_slide=\u00bb1%\u00bb content_font_size_tablet=\u00bb\u00bb content_font_size_phone=\u00bb16px\u00bb content_font_size_last_edited=\u00bbon|phone\u00bb subhead_font_size_tablet=\u00bb50px\u00bb subhead_font_size_phone=\u00bb30px\u00bb subhead_font_size_last_edited=\u00bbon|phone\u00bb subhead_text_shadow_style=\u00bbpreset4&#8243; box_shadow_style=\u00bbpreset6&#8243; box_shadow_vertical=\u00bb-10px\u00bb box_shadow_color=\u00bbrgba(0,0,0,0.2)\u00bb button_one_border_radius_hover=\u00bb100px\u00bb button_two_border_radius_hover=\u00bb100px\u00bb button_one_bg_color_hover=\u00bb#ff8a70&#8243; button_two_bg_color_hover=\u00bb#ff8a70&#8243; global_colors_info=\u00bb{}\u00bb button_one_text_size__hover_enabled=\u00bboff\u00bb button_two_text_size__hover_enabled=\u00bboff\u00bb button_one_text_color__hover_enabled=\u00bboff\u00bb button_two_text_color__hover_enabled=\u00bboff\u00bb button_one_border_width__hover_enabled=\u00bboff\u00bb button_two_border_width__hover_enabled=\u00bboff\u00bb button_one_border_color__hover_enabled=\u00bboff\u00bb button_two_border_color__hover_enabled=\u00bboff\u00bb button_one_border_radius__hover_enabled=\u00bbon\u00bb button_one_border_radius__hover=\u00bb100px\u00bb button_two_border_radius__hover_enabled=\u00bbon\u00bb button_two_border_radius__hover=\u00bb100px\u00bb button_one_letter_spacing__hover_enabled=\u00bboff\u00bb button_two_letter_spacing__hover_enabled=\u00bboff\u00bb button_one_bg_color__hover_enabled=\u00bbon\u00bb button_one_bg_color__hover=\u00bb#ff8a70&#8243; button_two_bg_color__hover_enabled=\u00bbon\u00bb button_two_bg_color__hover=\u00bb#ff8a70&#8243;][\/et_pb_fullwidth_header][\/et_pb_section][et_pb_section fb_built=\u00bb1&#8243; _builder_version=\u00bb4.16&#8243; global_colors_info=\u00bb{}\u00bb][et_pb_row column_structure=\u00bb1_2,1_2&#8243; _builder_version=\u00bb4.16&#8243; global_colors_info=\u00bb{}\u00bb][et_pb_column type=\u00bb1_2&#8243; _builder_version=\u00bb4.16&#8243; global_colors_info=\u00bb{}\u00bb][et_pb_text _builder_version=\u00bb4.16&#8243; header_font=\u00bbCabin Sketch||||||||\u00bb header_text_color=\u00bb#0046c9&#8243; header_font_size=\u00bb36px\u00bb border_color_all=\u00bb#cfe74b\u00bb border_width_bottom=\u00bb3px\u00bb global_colors_info=\u00bb{}\u00bb]\n<h1>\u00daltimas Noticias<\/h1>\n[\/et_pb_text][et_pb_blog posts_number=\u00bb4&#8243; include_categories=\u00bb17,33&#8243; meta_date=\u00bbj M,Y\u00bb show_thumbnail=\u00bboff\u00bb show_author=\u00bboff\u00bb _builder_version=\u00bb4.16&#8243; header_text_color=\u00bb#0046c9&#8243; body_font_size=\u00bb15px\u00bb global_colors_info=\u00bb{}\u00bb][\/et_pb_blog][\/et_pb_column][et_pb_column type=\u00bb1_2&#8243; _builder_version=\u00bb4.16&#8243; global_colors_info=\u00bb{}\u00bb][et_pb_text _builder_version=\u00bb4.16&#8243; text_font=\u00bbRubik||||||||\u00bb text_line_height=\u00bb2em\u00bb header_font=\u00bbCabin Sketch||||||||\u00bb header_2_font=\u00bbRubik|700||on|||||\u00bb header_2_font_size=\u00bb12px\u00bb header_2_letter_spacing=\u00bb3px\u00bb header_2_line_height=\u00bb1.5em\u00bb header_5_font=\u00bbRubik|700||on|||||\u00bb header_5_text_color=\u00bb#2b76df\u00bb header_5_letter_spacing=\u00bb5px\u00bb header_5_line_height=\u00bb1.5em\u00bb module_alignment=\u00bbcenter\u00bb custom_margin=\u00bb-2px||0px||false|\u00bb custom_margin_tablet=\u00bb0px|||\u00bb custom_margin_last_edited=\u00bboff|desktop\u00bb custom_padding=\u00bb||15px|||\u00bb text_line_height_last_edited=\u00bboff|desktop\u00bb locked=\u00bboff\u00bb global_colors_info=\u00bb{}\u00bb]\n<h1><span style=\"color: #0046c9;\">Accesos r\u00e1pidos<\/span><\/h1>\n[\/et_pb_text][et_pb_toggle title=\u00bbMatr\u00edculas 2026&#8243; open_toggle_text_color=\u00bb#0c71c3&#8243; open_toggle_background_color=\u00bb#edf000&#8243; closed_toggle_text_color=\u00bb#0c71c3&#8243; closed_toggle_background_color=\u00bb#edf000&#8243; _builder_version=\u00bb4.27.4&#8243; title_text_color=\u00bb#0c71c3&#8243; body_text_color=\u00bb#0c71c3&#8243; hover_enabled=\u00bb0&#8243; global_colors_info=\u00bb{}\u00bb sticky_enabled=\u00bb0&#8243;]\n<p>Matricule a su alumno para el per\u00edodo 2026. Proceso de pre-registro abierto! Click <span style=\"color: #000080;\"><a style=\"color: #000080;\" href=\"https:\/\/www.vitaplay.cl\/matriculas-online\/\">AQUI<\/a><\/span>!<\/p>\n[\/et_pb_toggle][et_pb_toggle title=\u00bbSeguridad en las Escuelas\u00bb open_toggle_text_color=\u00bb#0c71c3&#8243; open_toggle_background_color=\u00bb#edf000&#8243; closed_toggle_text_color=\u00bb#0c71c3&#8243; closed_toggle_background_color=\u00bb#edf000&#8243; _builder_version=\u00bb4.16&#8243; title_text_color=\u00bb#0c71c3&#8243; body_text_color=\u00bb#0c71c3&#8243; hover_enabled=\u00bb0&#8243; global_colors_info=\u00bb{}\u00bb sticky_enabled=\u00bb0&#8243;]\n<p>Conozca los nuevos planes de seguridad en los establecimientos. Con\u00f3zcalos <a href=\"https:\/\/www.vitaplay.cl\/pise\/\">AQUI<\/a>!<\/p>\n[\/et_pb_toggle][\/et_pb_column][\/et_pb_row][\/et_pb_section][et_pb_section fb_built=\u00bb1&#8243; fullwidth=\u00bbon\u00bb disabled_on=\u00bbon|on|on\u00bb _builder_version=\u00bb4.16&#8243; _module_preset=\u00bbdefault\u00bb disabled=\u00bbon\u00bb global_colors_info=\u00bb{}\u00bb][et_pb_fullwidth_code _builder_version=\u00bb4.21.0&#8243; _module_preset=\u00bbdefault\u00bb global_colors_info=\u00bb{}\u00bb][instagram-feed feed=2][\/et_pb_fullwidth_code][\/et_pb_section][et_pb_section fb_built=\u00bb1&#8243; admin_label=\u00bbTestimoniales\u00bb _builder_version=\u00bb4.16&#8243; use_background_color_gradient=\u00bbon\u00bb background_color_gradient_stops=\u00bb#e3e3e8 0%|#ffffff 100%\u00bb background_color_gradient_start=\u00bb#e3e3e8&#8243; background_color_gradient_end=\u00bb#ffffff\u00bb background_image=\u00bbhttps:\/\/solylunavitaplay.cl\/wp-content\/uploads\/2020\/05\/shapes-bg-color.png\u00bb parallax=\u00bbon\u00bb custom_padding=\u00bb|||\u00bb global_colors_info=\u00bb{}\u00bb][et_pb_row _builder_version=\u00bb4.16&#8243; global_colors_info=\u00bb{}\u00bb][et_pb_column type=\u00bb4_4&#8243; _builder_version=\u00bb4.16&#8243; custom_padding=\u00bb|||\u00bb global_colors_info=\u00bb{}\u00bb custom_padding__hover=\u00bb|||\u00bb][et_pb_blurb title=\u00bbTestimoniales\u00bb use_icon=\u00bbon\u00bb font_icon=\u00bb&#x76;||divi||400&#8243; icon_color=\u00bb#ff7355&#8243; image_icon_width=\u00bb32px\u00bb _builder_version=\u00bb4.16&#8243; header_font=\u00bbCabin Sketch|700||on|||||\u00bb header_text_color=\u00bb#0046c9&#8243; header_font_size=\u00bb20px\u00bb header_letter_spacing=\u00bb5px\u00bb header_line_height=\u00bb1.4em\u00bb text_orientation=\u00bbcenter\u00bb custom_margin=\u00bb||0px|\u00bb icon_font_size=\u00bb32px\u00bb locked=\u00bboff\u00bb global_colors_info=\u00bb{}\u00bb][\/et_pb_blurb][et_pb_text _builder_version=\u00bb4.16&#8243; text_font=\u00bbRubik|500|||||||\u00bb text_font_size=\u00bb16px\u00bb text_line_height=\u00bb2em\u00bb link_font=\u00bb||||||||\u00bb ul_font=\u00bb||||||||\u00bb ol_font=\u00bb||||||||\u00bb quote_font=\u00bb||||||||\u00bb header_font=\u00bb||||||||\u00bb header_2_font=\u00bbRubik|700|||||||\u00bb header_2_font_size=\u00bb40px\u00bb header_2_line_height=\u00bb1.4em\u00bb header_5_font=\u00bbRubik|700||on|||||\u00bb header_5_text_color=\u00bb#2b76df\u00bb header_5_letter_spacing=\u00bb5px\u00bb header_5_line_height=\u00bb1.5em\u00bb text_orientation=\u00bbcenter\u00bb max_width=\u00bb700px\u00bb module_alignment=\u00bbcenter\u00bb custom_margin=\u00bb|||\u00bb custom_margin_tablet=\u00bb0px|||\u00bb custom_margin_last_edited=\u00bboff|desktop\u00bb text_line_height_last_edited=\u00bboff|desktop\u00bb header_2_font_size_tablet=\u00bb\u00bb header_2_font_size_phone=\u00bb30px\u00bb header_2_font_size_last_edited=\u00bbon|phone\u00bb global_colors_info=\u00bb{}\u00bb]\n<h2>\u00bfQu\u00e9 dicen nuestros apoderados?<\/h2>\n[\/et_pb_text][\/et_pb_column][\/et_pb_row][et_pb_row column_structure=\u00bb1_3,1_3,1_3&#8243; _builder_version=\u00bb4.16&#8243; global_colors_info=\u00bb{}\u00bb][et_pb_column type=\u00bb1_3&#8243; _builder_version=\u00bb4.16&#8243; custom_padding=\u00bb|||\u00bb global_colors_info=\u00bb{}\u00bb custom_padding__hover=\u00bb|||\u00bb][et_pb_testimonial author=\u00bbPamela Salazar\u00bb quote_icon=\u00bboff\u00bb admin_label=\u00bbTestimonial #1&#8243; _builder_version=\u00bb4.16&#8243; body_font=\u00bbRubik||||||||\u00bb body_line_height=\u00bb2em\u00bb background_color=\u00bb#ffffff\u00bb custom_margin=\u00bb|||\u00bb custom_padding=\u00bb60px|30px|60px|30px|true|true\u00bb animation_style=\u00bbzoom\u00bb animation_intensity_zoom=\u00bb10%\u00bb border_radii=\u00bbon|5px|5px|5px|5px\u00bb border_width_top=\u00bb10px\u00bb border_color_top=\u00bb#2b76df\u00bb box_shadow_style=\u00bbpreset3&#8243; box_shadow_blur=\u00bb49px\u00bb box_shadow_color=\u00bbrgba(0,0,0,0.06)\u00bb global_colors_info=\u00bb{}\u00bb]\n<p>Para nosotros como padres fue un cambio grande tener una hija que no hablaba, a ver cada a\u00f1o que m\u00e1s frases dec\u00eda y mejor pronunciadas, verla contenta entrar a su sala, y al salir comentaba sus vivencias en las clases y en el recreo. Estamos muy agradecidos por el apoyo de las profesoras y fonoaudi\u00f3loga.<\/p>\n[\/et_pb_testimonial][\/et_pb_column][et_pb_column type=\u00bb1_3&#8243; _builder_version=\u00bb4.16&#8243; custom_padding=\u00bb|||\u00bb global_colors_info=\u00bb{}\u00bb custom_padding__hover=\u00bb|||\u00bb][et_pb_testimonial author=\u00bbElizabeth Fuentes y Manuel Miranda\u00bb quote_icon=\u00bboff\u00bb admin_label=\u00bbTestimonial #1&#8243; _builder_version=\u00bb4.16&#8243; body_font=\u00bbRubik||||||||\u00bb body_line_height=\u00bb2em\u00bb background_color=\u00bb#ffffff\u00bb custom_margin=\u00bb|||\u00bb custom_padding=\u00bb60px|30px|60px|30px|true|true\u00bb animation_style=\u00bbzoom\u00bb animation_intensity_zoom=\u00bb10%\u00bb border_radii=\u00bbon|5px|5px|5px|5px\u00bb border_width_top=\u00bb10px\u00bb border_color_top=\u00bb#2b76df\u00bb box_shadow_style=\u00bbpreset3&#8243; box_shadow_blur=\u00bb49px\u00bb box_shadow_color=\u00bbrgba(0,0,0,0.06)\u00bb global_colors_info=\u00bb{}\u00bb]\n<p>Agradecemos el enorme esfuerzo que ellas realizan en planificar, preparar material, grabar videos y editarlos, recibir y ordenar los testimonios de cada alumno, todo en medio de este complejo panorama de pandemia mundial.<\/p>\n<p>Un afectuoso saludo,<\/p>\n[\/et_pb_testimonial][\/et_pb_column][et_pb_column type=\u00bb1_3&#8243; _builder_version=\u00bb4.16&#8243; custom_padding=\u00bb|||\u00bb global_colors_info=\u00bb{}\u00bb custom_padding__hover=\u00bb|||\u00bb][et_pb_testimonial author=\u00bbFamilia Alonso D\u00edaz\u00bb quote_icon=\u00bboff\u00bb admin_label=\u00bbTestimonial #1&#8243; _builder_version=\u00bb4.16&#8243; body_font=\u00bbRubik||||||||\u00bb body_line_height=\u00bb2em\u00bb background_color=\u00bb#ffffff\u00bb custom_margin=\u00bb|||\u00bb custom_padding=\u00bb60px|30px|60px|30px|true|true\u00bb animation_style=\u00bbzoom\u00bb animation_intensity_zoom=\u00bb10%\u00bb border_radii=\u00bbon|5px|5px|5px|5px\u00bb border_width_top=\u00bb10px\u00bb border_color_top=\u00bb#2b76df\u00bb box_shadow_style=\u00bbpreset3&#8243; box_shadow_blur=\u00bb49px\u00bb box_shadow_color=\u00bbrgba(0,0,0,0.06)\u00bb global_colors_info=\u00bb{}\u00bb]\n<p>El equipo completo ha sido cari\u00f1oso y atento con Alonso, acompa\u00f1ando sus dificultades y destacando sus habilidades. Como escuela han creado un espacio amoroso, seguro y comprometido con todos los ni\u00f1os y ni\u00f1as. Y su entrega es tal, que han logrado adaptarse a los tiempos que vivimos, fomentando la educaci\u00f3n a distancia y una preocupaci\u00f3n constante por el bienestar familiar.<br \/>Gracias a la Escuela! Por su hermosa vocaci\u00f3n, compromiso y entrega con cada uno de nuestros ni\u00f1os y ni\u00f1as. Atte.<\/p>\n[\/et_pb_testimonial][\/et_pb_column][\/et_pb_row][\/et_pb_section]\n","protected":false},"excerpt":{"rendered":"<p>Las Escuelas de Lenguaje son establecimientos que atienden a menores en edad preescolar. Para ingresar a \u00e9stas, los ni\u00f1os o ni\u00f1as son evaluados por una Fonoaudi\u00f3loga para determinar si presenta un desarrollo tard\u00edo en su lenguaje respecto al uso, forma y contenido.<\/p>\n","protected":false},"author":8,"featured_media":0,"parent":0,"menu_order":0,"comment_status":"closed","ping_status":"closed","template":"","meta":{"_et_pb_use_builder":"on","_et_pb_old_content":"<p>\u00a0<\/p><p>\u00a0<\/p>","_et_gb_content_width":"","footnotes":""},"class_list":["post-12","page","type-page","status-publish","hentry"],"yoast_head":"<!-- This site is optimized with the Yoast SEO plugin v26.0 - https:\/\/yoast.com\/wordpress\/plugins\/seo\/ -->\n<title>Sol y Luna - Escuela Sol y Luna<\/title>\n<meta name=\"robots\" content=\"index, follow, max-snippet:-1, max-image-preview:large, max-video-preview:-1\" \/>\n<link rel=\"canonical\" href=\"https:\/\/solylunavitaplay.cl\/\" \/>\n<meta property=\"og:locale\" content=\"es_ES\" \/>\n<meta property=\"og:type\" content=\"article\" \/>\n<meta property=\"og:title\" content=\"Sol y Luna - Escuela Sol y Luna\" \/>\n<meta property=\"og:description\" content=\"Las Escuelas de Lenguaje son establecimientos que atienden a menores en edad preescolar. Para ingresar a \u00e9stas, los ni\u00f1os o ni\u00f1as son evaluados por una Fonoaudi\u00f3loga para determinar si presenta un desarrollo tard\u00edo en su lenguaje respecto al uso, forma y contenido.\" \/>\n<meta property=\"og:url\" content=\"https:\/\/solylunavitaplay.cl\/\" \/>\n<meta property=\"og:site_name\" content=\"Escuela Sol y Luna\" \/>\n<meta property=\"article:modified_time\" content=\"2025-12-31T02:55:11+00:00\" \/>\n<meta name=\"twitter:card\" content=\"summary_large_image\" \/>\n<meta name=\"twitter:label1\" content=\"Tiempo de lectura\" \/>\n\t<meta name=\"twitter:data1\" content=\"2 minutos\" \/>\n<script type=\"application\/ld+json\" class=\"yoast-schema-graph\">{\"@context\":\"https:\/\/schema.org\",\"@graph\":[{\"@type\":\"WebPage\",\"@id\":\"https:\/\/solylunavitaplay.cl\/\",\"url\":\"https:\/\/solylunavitaplay.cl\/\",\"name\":\"Sol y Luna - Escuela Sol y Luna\",\"isPartOf\":{\"@id\":\"https:\/\/solylunavitaplay.cl\/#website\"},\"datePublished\":\"2020-05-09T02:49:01+00:00\",\"dateModified\":\"2025-12-31T02:55:11+00:00\",\"breadcrumb\":{\"@id\":\"https:\/\/solylunavitaplay.cl\/#breadcrumb\"},\"inLanguage\":\"es\",\"potentialAction\":[{\"@type\":\"ReadAction\",\"target\":[\"https:\/\/solylunavitaplay.cl\/\"]}]},{\"@type\":\"BreadcrumbList\",\"@id\":\"https:\/\/solylunavitaplay.cl\/#breadcrumb\",\"itemListElement\":[{\"@type\":\"ListItem\",\"position\":1,\"name\":\"Portada\",\"item\":\"https:\/\/solylunavitaplay.cl\/\"},{\"@type\":\"ListItem\",\"position\":2,\"name\":\"Sol y Luna\"}]},{\"@type\":\"WebSite\",\"@id\":\"https:\/\/solylunavitaplay.cl\/#website\",\"url\":\"https:\/\/solylunavitaplay.cl\/\",\"name\":\"Escuela Sol y Luna\",\"description\":\"Un mundo de aventuras\",\"potentialAction\":[{\"@type\":\"SearchAction\",\"target\":{\"@type\":\"EntryPoint\",\"urlTemplate\":\"https:\/\/solylunavitaplay.cl\/?s={search_term_string}\"},\"query-input\":{\"@type\":\"PropertyValueSpecification\",\"valueRequired\":true,\"valueName\":\"search_term_string\"}}],\"inLanguage\":\"es\"}]}<\/script>\n<!-- \/ Yoast SEO plugin. -->","yoast_head_json":{"title":"Sol y Luna - Escuela Sol y Luna","robots":{"index":"index","follow":"follow","max-snippet":"max-snippet:-1","max-image-preview":"max-image-preview:large","max-video-preview":"max-video-preview:-1"},"canonical":"https:\/\/solylunavitaplay.cl\/","og_locale":"es_ES","og_type":"article","og_title":"Sol y Luna - Escuela Sol y Luna","og_description":"Las Escuelas de Lenguaje son establecimientos que atienden a menores en edad preescolar. Para ingresar a \u00e9stas, los ni\u00f1os o ni\u00f1as son evaluados por una Fonoaudi\u00f3loga para determinar si presenta un desarrollo tard\u00edo en su lenguaje respecto al uso, forma y contenido.","og_url":"https:\/\/solylunavitaplay.cl\/","og_site_name":"Escuela Sol y Luna","article_modified_time":"2025-12-31T02:55:11+00:00","twitter_card":"summary_large_image","twitter_misc":{"Tiempo de lectura":"2 minutos"},"schema":{"@context":"https:\/\/schema.org","@graph":[{"@type":"WebPage","@id":"https:\/\/solylunavitaplay.cl\/","url":"https:\/\/solylunavitaplay.cl\/","name":"Sol y Luna - Escuela Sol y Luna","isPartOf":{"@id":"https:\/\/solylunavitaplay.cl\/#website"},"datePublished":"2020-05-09T02:49:01+00:00","dateModified":"2025-12-31T02:55:11+00:00","breadcrumb":{"@id":"https:\/\/solylunavitaplay.cl\/#breadcrumb"},"inLanguage":"es","potentialAction":[{"@type":"ReadAction","target":["https:\/\/solylunavitaplay.cl\/"]}]},{"@type":"BreadcrumbList","@id":"https:\/\/solylunavitaplay.cl\/#breadcrumb","itemListElement":[{"@type":"ListItem","position":1,"name":"Portada","item":"https:\/\/solylunavitaplay.cl\/"},{"@type":"ListItem","position":2,"name":"Sol y Luna"}]},{"@type":"WebSite","@id":"https:\/\/solylunavitaplay.cl\/#website","url":"https:\/\/solylunavitaplay.cl\/","name":"Escuela Sol y Luna","description":"Un mundo de aventuras","potentialAction":[{"@type":"SearchAction","target":{"@type":"EntryPoint","urlTemplate":"https:\/\/solylunavitaplay.cl\/?s={search_term_string}"},"query-input":{"@type":"PropertyValueSpecification","valueRequired":true,"valueName":"search_term_string"}}],"inLanguage":"es"}]}},"_links":{"self":[{"href":"https:\/\/solylunavitaplay.cl\/index.php?rest_route=\/wp\/v2\/pages\/12","targetHints":{"allow":["GET"]}}],"collection":[{"href":"https:\/\/solylunavitaplay.cl\/index.php?rest_route=\/wp\/v2\/pages"}],"about":[{"href":"https:\/\/solylunavitaplay.cl\/index.php?rest_route=\/wp\/v2\/types\/page"}],"author":[{"embeddable":true,"href":"https:\/\/solylunavitaplay.cl\/index.php?rest_route=\/wp\/v2\/users\/8"}],"replies":[{"embeddable":true,"href":"https:\/\/solylunavitaplay.cl\/index.php?rest_route=%2Fwp%2Fv2%2Fcomments&post=12"}],"version-history":[{"count":114,"href":"https:\/\/solylunavitaplay.cl\/index.php?rest_route=\/wp\/v2\/pages\/12\/revisions"}],"predecessor-version":[{"id":2060,"href":"https:\/\/solylunavitaplay.cl\/index.php?rest_route=\/wp\/v2\/pages\/12\/revisions\/2060"}],"wp:attachment":[{"href":"https:\/\/solylunavitaplay.cl\/index.php?rest_route=%2Fwp%2Fv2%2Fmedia&parent=12"}],"curies":[{"name":"wp","href":"https:\/\/api.w.org\/{rel}","templated":true}]}}